{"id":34,"date":"2025-03-24T23:56:46","date_gmt":"2025-03-24T23:56:46","guid":{"rendered":"https:\/\/elysepichette.techniquesmedia.com\/laboratoire3\/?page_id=34"},"modified":"2025-03-25T03:10:13","modified_gmt":"2025-03-25T03:10:13","slug":"impact-sur-environnement","status":"publish","type":"page","link":"https:\/\/elysepichette.techniquesmedia.com\/laboratoire3\/index.php\/impact-sur-environnement\/","title":{"rendered":"Impact n\u00e9gatif sur l&rsquo;environnement"},"content":{"rendered":"\n<p>Certaines esp\u00e8ces de scarab\u00e9es, bien qu&rsquo;elles jouent g\u00e9n\u00e9ralement un r\u00f4le b\u00e9n\u00e9fique dans leurs habitats naturels, peuvent devenir <strong>envahissantes<\/strong> lorsqu&rsquo;elles sont introduites dans de nouveaux environnements. Lorsqu&rsquo;une esp\u00e8ce devient envahissante, elle peut perturber les \u00e9quilibres \u00e9cologiques locaux, affecter la biodiversit\u00e9 et nuire aux syst\u00e8mes agricoles.<\/p>\n\n\n\n<p>&nbsp;<\/p>\n\n\n\n<div class=\"wp-block-group alignfull has-global-padding is-layout-constrained wp-container-core-group-is-layout-caa2d89a wp-block-group-is-layout-constrained\" style=\"padding-right:var(--wp--preset--spacing--80);padding-left:var(--wp--preset--spacing--80)\">\n<div class=\"wp-block-columns alignwide has-quaternary-background-color has-background is-layout-flex wp-container-core-columns-is-layout-a5331a9e wp-block-columns-is-layout-flex\" style=\"border-radius:40px;padding-top:0;padding-right:0;padding-bottom:0;padding-left:0\">\n<div class=\"wp-block-column is-layout-flow wp-block-column-is-layout-flow\" style=\"flex-basis:50%\">\n<div class=\"wp-block-cover has-aspect-ratio\" style=\"border-top-left-radius:40px;border-top-right-radius:0px;border-bottom-left-radius:40px;border-bottom-right-radius:0px;min-height:567px;aspect-ratio:4\/3;min-height:unset;\"><span aria-hidden=\"true\" class=\"wp-block-cover__background has-background-dim-0 has-background-dim\"><\/span><img loading=\"lazy\" decoding=\"async\" width=\"1024\" height=\"683\" class=\"wp-block-cover__image-background wp-image-92\" alt=\"\" src=\"https:\/\/elysepichette.techniquesmedia.com\/laboratoire3\/wp-content\/uploads\/2025\/03\/impact-espece-envahissante-1024x683.jpg\" data-object-fit=\"cover\" srcset=\"https:\/\/elysepichette.techniquesmedia.com\/laboratoire3\/wp-content\/uploads\/2025\/03\/impact-espece-envahissante-1024x683.jpg 1024w, https:\/\/elysepichette.techniquesmedia.com\/laboratoire3\/wp-content\/uploads\/2025\/03\/impact-espece-envahissante-300x200.jpg 300w, https:\/\/elysepichette.techniquesmedia.com\/laboratoire3\/wp-content\/uploads\/2025\/03\/impact-espece-envahissante-768x512.jpg 768w, https:\/\/elysepichette.techniquesmedia.com\/laboratoire3\/wp-content\/uploads\/2025\/03\/impact-espece-envahissante-1536x1024.jpg 1536w, https:\/\/elysepichette.techniquesmedia.com\/laboratoire3\/wp-content\/uploads\/2025\/03\/impact-espece-envahissante-2048x1365.jpg 2048w\" sizes=\"auto, (max-width: 1024px) 100vw, 1024px\" \/><div class=\"wp-block-cover__inner-container is-layout-flow wp-block-cover-is-layout-flow\">\n<p class=\"has-text-align-center has-large-font-size\"><\/p>\n<\/div><\/div>\n<\/div>\n\n\n\n<div class=\"wp-block-column is-vertically-aligned-center has-quaternary-background-color has-background is-layout-flow wp-block-column-is-layout-flow\" style=\"border-radius:40px;padding-top:var(--wp--preset--spacing--60);padding-right:var(--wp--preset--spacing--60);padding-bottom:var(--wp--preset--spacing--60);padding-left:var(--wp--preset--spacing--60);flex-basis:50%\">\n<h2 class=\"wp-block-heading\">Qu&rsquo;est-ce qu&rsquo;une esp\u00e8ce envahissante ?&nbsp;<\/h2>\n\n\n\n<p>Une esp\u00e8ce est dite <strong>envahissante<\/strong> lorsqu&rsquo;elle est introduite dans un nouvel environnement (souvent par l&rsquo;homme, de mani\u00e8re accidentelle ou d\u00e9lib\u00e9r\u00e9e) et qu&rsquo;elle se propage rapidement, causant des <strong>dommages<\/strong> importants aux \u00e9cosyst\u00e8mes locaux. Les esp\u00e8ces envahissantes ont souvent peu de pr\u00e9dateurs naturels dans ces nouveaux environnements, ce qui leur permet de se reproduire rapidement et de dominer les habitats qu&rsquo;elles occupent.&nbsp;<\/p>\n<\/div>\n<\/div>\n<\/div>\n\n\n\n<div style=\"height:100px\" aria-hidden=\"true\" class=\"wp-block-spacer\"><\/div>\n\n\n\n<h3 class=\"wp-block-heading has-text-align-center\">Exemples de scarab\u00e9es envahissants<\/h3>\n\n\n\n<div class=\"wp-block-columns alignwide is-layout-flex wp-container-core-columns-is-layout-28f84493 wp-block-columns-is-layout-flex\">\n<div class=\"wp-block-column is-layout-flow wp-block-column-is-layout-flow\" style=\"padding-right:var(--wp--preset--spacing--40);padding-left:var(--wp--preset--spacing--40)\">\n<figure class=\"wp-block-image aligncenter size-large is-resized is-style-rounded\"><img loading=\"lazy\" decoding=\"async\" width=\"1024\" height=\"682\" src=\"https:\/\/elysepichette.techniquesmedia.com\/laboratoire3\/wp-content\/uploads\/2025\/03\/impact-scarabee-japonais-1024x682.jpg\" alt=\"\" class=\"wp-image-94\" style=\"aspect-ratio:1;object-fit:cover;width:300px\" srcset=\"https:\/\/elysepichette.techniquesmedia.com\/laboratoire3\/wp-content\/uploads\/2025\/03\/impact-scarabee-japonais-1024x682.jpg 1024w, https:\/\/elysepichette.techniquesmedia.com\/laboratoire3\/wp-content\/uploads\/2025\/03\/impact-scarabee-japonais-300x200.jpg 300w, https:\/\/elysepichette.techniquesmedia.com\/laboratoire3\/wp-content\/uploads\/2025\/03\/impact-scarabee-japonais-768x512.jpg 768w, https:\/\/elysepichette.techniquesmedia.com\/laboratoire3\/wp-content\/uploads\/2025\/03\/impact-scarabee-japonais.jpg 1280w\" sizes=\"auto, (max-width: 1024px) 100vw, 1024px\" \/><\/figure>\n\n\n\n<h3 class=\"wp-block-heading has-text-align-center has-primary-color has-text-color has-link-color has-large-font-size wp-elements-0cf3d73feb6b71bb5f61295ded3179b5\"><strong>Scarab\u00e9e japonais <\/strong><br><strong>(<em>Popillia japonica<\/em><\/strong>)<\/h3>\n\n\n\n<p class=\"has-text-align-center\">Ce scarab\u00e9e est originaire d&rsquo;Asie de l&rsquo;Est et a \u00e9t\u00e9 introduit aux \u00c9tats-Unis au d\u00e9but du 20e si\u00e8cle.&nbsp;<\/p>\n\n\n\n<p class=\"has-text-align-center\">Le scarab\u00e9e japonais est une esp\u00e8ce tr\u00e8s vorace qui se nourrit des feuilles de nombreuses plantes, y compris des cultures agricoles comme les ma\u00efs, les tomates, les pommes de terre et les arbres ornementaux. Sa pr\u00e9sence peut entra\u00eener des <strong>pertes agricoles importantes<\/strong> et affecter la biodiversit\u00e9 en endommageant des plantes locales et des arbres.&nbsp;<\/p>\n<\/div>\n\n\n\n<div class=\"wp-block-column is-layout-flow wp-block-column-is-layout-flow\" style=\"padding-right:var(--wp--preset--spacing--40);padding-left:var(--wp--preset--spacing--40)\">\n<figure class=\"wp-block-image aligncenter size-large is-resized is-style-rounded\"><img loading=\"lazy\" decoding=\"async\" width=\"1024\" height=\"683\" src=\"https:\/\/elysepichette.techniquesmedia.com\/laboratoire3\/wp-content\/uploads\/2025\/03\/scolyte-pin-1024x683.jpg\" alt=\"Ron Long, Simon Fraser University, Bugwood.org - This image is Image Number 1306044 at Forestry Images, a source for forest health, natural resources and silviculture images operated by The Bugwood Network at the University of Georgia and the USDA Forest Service.\" class=\"wp-image-79\" style=\"aspect-ratio:1;object-fit:cover;width:300px\" srcset=\"https:\/\/elysepichette.techniquesmedia.com\/laboratoire3\/wp-content\/uploads\/2025\/03\/scolyte-pin-1024x683.jpg 1024w, https:\/\/elysepichette.techniquesmedia.com\/laboratoire3\/wp-content\/uploads\/2025\/03\/scolyte-pin-300x200.jpg 300w, https:\/\/elysepichette.techniquesmedia.com\/laboratoire3\/wp-content\/uploads\/2025\/03\/scolyte-pin-768x512.jpg 768w, https:\/\/elysepichette.techniquesmedia.com\/laboratoire3\/wp-content\/uploads\/2025\/03\/scolyte-pin-1536x1024.jpg 1536w, https:\/\/elysepichette.techniquesmedia.com\/laboratoire3\/wp-content\/uploads\/2025\/03\/scolyte-pin.jpg 1620w\" sizes=\"auto, (max-width: 1024px) 100vw, 1024px\" \/><\/figure>\n\n\n\n<h3 class=\"wp-block-heading has-text-align-center has-primary-color has-text-color has-link-color has-large-font-size wp-elements-5052189e7465263370341f491858c1b4\"><strong>Scolyte du pin <\/strong><br><strong>(<em>Ips pini<\/em>)<\/strong><\/h3>\n\n\n\n<p class=\"has-text-align-center\">Ce scarab\u00e9e est natif d&rsquo;Am\u00e9rique du Nord mais a \u00e9t\u00e9 introduit en Europe.&nbsp;<\/p>\n\n\n\n<p class=\"has-text-align-center\">Il est connu pour attaquer les for\u00eats de pins, souvent en groupe, ce qui peut entra\u00eener des <strong>d\u00e9g\u00e2ts massifs<\/strong> aux for\u00eats. Les jeunes pins infest\u00e9s par ce scarab\u00e9e peuvent mourir rapidement, et les attaques multiples peuvent affaiblir une for\u00eat enti\u00e8re, la rendant vuln\u00e9rable \u00e0 d&rsquo;autres maladies.&nbsp;<\/p>\n\n\n\n<p class=\"has-text-align-center\"><a href=\"https:\/\/elysepichette.techniquesmedia.com\/laboratoire3\/index.php\/2025\/03\/25\/scolyte-des-pins\/\" data-type=\"post\" data-id=\"41\">En savoir plus<\/a><\/p>\n<\/div>\n\n\n\n<div class=\"wp-block-column is-layout-flow wp-block-column-is-layout-flow\" style=\"padding-right:var(--wp--preset--spacing--40);padding-left:var(--wp--preset--spacing--40)\">\n<figure class=\"wp-block-image aligncenter size-large is-resized is-style-rounded\"><img loading=\"lazy\" decoding=\"async\" width=\"1024\" height=\"682\" src=\"https:\/\/elysepichette.techniquesmedia.com\/laboratoire3\/wp-content\/uploads\/2025\/03\/impact-scarabee-riz-1024x682.jpg\" alt=\"\" class=\"wp-image-95\" style=\"aspect-ratio:1;object-fit:cover;width:300px\" srcset=\"https:\/\/elysepichette.techniquesmedia.com\/laboratoire3\/wp-content\/uploads\/2025\/03\/impact-scarabee-riz-1024x682.jpg 1024w, https:\/\/elysepichette.techniquesmedia.com\/laboratoire3\/wp-content\/uploads\/2025\/03\/impact-scarabee-riz-300x200.jpg 300w, https:\/\/elysepichette.techniquesmedia.com\/laboratoire3\/wp-content\/uploads\/2025\/03\/impact-scarabee-riz-768x512.jpg 768w, https:\/\/elysepichette.techniquesmedia.com\/laboratoire3\/wp-content\/uploads\/2025\/03\/impact-scarabee-riz.jpg 1280w\" sizes=\"auto, (max-width: 1024px) 100vw, 1024px\" \/><\/figure>\n\n\n\n<h3 class=\"wp-block-heading has-text-align-center has-primary-color has-text-color has-link-color has-large-font-size wp-elements-27c85608fb2d7efea2e6e629e85586b8\"><strong>Scarab\u00e9e du riz <\/strong><br><strong>(<em>Sitophilus oryzae<\/em>)<\/strong><\/h3>\n\n\n\n<p class=\"has-text-align-center\">Le scarab\u00e9e du riz, \u00e9galement appel\u00e9 \u00ab\u00a0bourdon du riz\u00a0\u00bb, est une esp\u00e8ce originaire d&rsquo;Asie, mais elle s&rsquo;est propag\u00e9e dans le monde entier, principalement \u00e0 cause du commerce international.&nbsp;<\/p>\n\n\n\n<p class=\"has-text-align-center\">Ce scarab\u00e9e attaque les cultures de riz, d&rsquo;autres c\u00e9r\u00e9ales et m\u00eame des grains stock\u00e9s dans les silos, ce qui a un impact n\u00e9gatif sur la production alimentaire. Il peut \u00e9galement affecter d&rsquo;autres r\u00e9coltes agricoles.&nbsp;<\/p>\n<\/div>\n<\/div>\n\n\n\n<p><\/p>\n","protected":false},"excerpt":{"rendered":"<p>Certaines esp\u00e8ces de scarab\u00e9es, bien qu&rsquo;elles jouent g\u00e9n\u00e9ralement un r\u00f4le b\u00e9n\u00e9fique dans leurs habitats naturels, peuvent devenir envahissantes lorsqu&rsquo;elles sont introduites dans de nouveaux environnements. Lorsqu&rsquo;une esp\u00e8ce devient envahissante, elle peut perturber les \u00e9quilibres \u00e9cologiques locaux, affecter la biodiversit\u00e9 et nuire aux syst\u00e8mes agricoles. &nbsp; Qu&rsquo;est-ce qu&rsquo;une esp\u00e8ce envahissante ?&nbsp; Une esp\u00e8ce est dite envahissante [&hellip;]<\/p>\n","protected":false},"author":1,"featured_media":0,"parent":0,"menu_order":0,"comment_status":"closed","ping_status":"closed","template":"","meta":{"footnotes":""},"class_list":["post-34","page","type-page","status-publish","hentry"],"_links":{"self":[{"href":"https:\/\/elysepichette.techniquesmedia.com\/laboratoire3\/index.php\/wp-json\/wp\/v2\/pages\/34","targetHints":{"allow":["GET"]}}],"collection":[{"href":"https:\/\/elysepichette.techniquesmedia.com\/laboratoire3\/index.php\/wp-json\/wp\/v2\/pages"}],"about":[{"href":"https:\/\/elysepichette.techniquesmedia.com\/laboratoire3\/index.php\/wp-json\/wp\/v2\/types\/page"}],"author":[{"embeddable":true,"href":"https:\/\/elysepichette.techniquesmedia.com\/laboratoire3\/index.php\/wp-json\/wp\/v2\/users\/1"}],"replies":[{"embeddable":true,"href":"https:\/\/elysepichette.techniquesmedia.com\/laboratoire3\/index.php\/wp-json\/wp\/v2\/comments?post=34"}],"version-history":[{"count":14,"href":"https:\/\/elysepichette.techniquesmedia.com\/laboratoire3\/index.php\/wp-json\/wp\/v2\/pages\/34\/revisions"}],"predecessor-version":[{"id":131,"href":"https:\/\/elysepichette.techniquesmedia.com\/laboratoire3\/index.php\/wp-json\/wp\/v2\/pages\/34\/revisions\/131"}],"wp:attachment":[{"href":"https:\/\/elysepichette.techniquesmedia.com\/laboratoire3\/index.php\/wp-json\/wp\/v2\/media?parent=34"}],"curies":[{"name":"wp","href":"https:\/\/api.w.org\/{rel}","templated":true}]}}