{"id":30,"date":"2025-03-24T23:56:22","date_gmt":"2025-03-24T23:56:22","guid":{"rendered":"https:\/\/elysepichette.techniquesmedia.com\/laboratoire3\/?page_id=30"},"modified":"2025-03-25T00:51:10","modified_gmt":"2025-03-25T00:51:10","slug":"les-differentes-especes-de-scarabees","status":"publish","type":"page","link":"https:\/\/elysepichette.techniquesmedia.com\/laboratoire3\/index.php\/les-differentes-especes-de-scarabees\/","title":{"rendered":"Esp\u00e8ces de scarab\u00e9es"},"content":{"rendered":"\n<p>Il existe une <strong>incroyable diversit\u00e9<\/strong> d&rsquo;esp\u00e8ces de scarab\u00e9es, chacune ayant des caract\u00e9ristiques uniques et une fonction diff\u00e9rente dans l&rsquo;\u00e9cosyst\u00e8me.&nbsp;<\/p>\n\n\n\n<div style=\"height:100px\" aria-hidden=\"true\" class=\"wp-block-spacer\"><\/div>\n\n\n\n<div class=\"wp-block-group alignwide is-layout-flow wp-block-group-is-layout-flow\">\n<div class=\"wp-block-query is-layout-flow wp-block-query-is-layout-flow\"><ul class=\"columns-2 wp-block-post-template is-layout-grid wp-container-core-post-template-is-layout-f12a65ed wp-block-post-template-is-layout-grid\"><li class=\"wp-block-post post-37 post type-post status-publish format-standard has-post-thumbnail hentry category-uncategorized\">\n<figure style=\"aspect-ratio:16\/9; margin-top:0px;\" class=\"wp-block-post-featured-image\"><a href=\"https:\/\/elysepichette.techniquesmedia.com\/laboratoire3\/index.php\/2025\/03\/24\/scarabee-bousier\/\" target=\"_self\"  ><img loading=\"lazy\" decoding=\"async\" width=\"1280\" height=\"848\" src=\"https:\/\/elysepichette.techniquesmedia.com\/laboratoire3\/wp-content\/uploads\/2025\/03\/scarabee-bousier.jpg\" class=\"attachment-post-thumbnail size-post-thumbnail wp-post-image\" alt=\"Scarab\u00e9e bousier (Scarabaeus sacer)\" style=\"border-radius:40px;width:100%;height:100%;object-fit:cover;\" srcset=\"https:\/\/elysepichette.techniquesmedia.com\/laboratoire3\/wp-content\/uploads\/2025\/03\/scarabee-bousier.jpg 1280w, https:\/\/elysepichette.techniquesmedia.com\/laboratoire3\/wp-content\/uploads\/2025\/03\/scarabee-bousier-300x199.jpg 300w, https:\/\/elysepichette.techniquesmedia.com\/laboratoire3\/wp-content\/uploads\/2025\/03\/scarabee-bousier-1024x678.jpg 1024w, https:\/\/elysepichette.techniquesmedia.com\/laboratoire3\/wp-content\/uploads\/2025\/03\/scarabee-bousier-768x509.jpg 768w\" sizes=\"auto, (max-width: 1280px) 100vw, 1280px\" \/><\/a><\/figure>\n\n\n<div class=\"wp-block-group has-heading-6-font-size is-content-justification-space-between is-nowrap is-layout-flex wp-container-core-group-is-layout-1c41e99e wp-block-group-is-layout-flex\" style=\"padding-top:0;padding-right:var(--wp--preset--spacing--50);padding-bottom:var(--wp--preset--spacing--30);padding-left:var(--wp--preset--spacing--50)\"><h2 style=\"margin-bottom:0.25em;margin-top:0px;\" class=\"wp-block-post-title has-heading-6-font-size\"><a href=\"https:\/\/elysepichette.techniquesmedia.com\/laboratoire3\/index.php\/2025\/03\/24\/scarabee-bousier\/\" target=\"_self\" >Scarab\u00e9e bousier (Scarabaeus sacer)<\/a><\/h2>\n\n\n<p>\u2192<\/p>\n<\/div>\n\n<\/li><li class=\"wp-block-post post-84 post type-post status-publish format-standard has-post-thumbnail hentry category-uncategorized\">\n<figure style=\"aspect-ratio:16\/9; margin-top:0px;\" class=\"wp-block-post-featured-image\"><a href=\"https:\/\/elysepichette.techniquesmedia.com\/laboratoire3\/index.php\/2025\/03\/25\/scarabee-du-sol\/\" target=\"_self\"  ><img loading=\"lazy\" decoding=\"async\" width=\"1280\" height=\"853\" src=\"https:\/\/elysepichette.techniquesmedia.com\/laboratoire3\/wp-content\/uploads\/2025\/03\/scarabee-sol.jpg\" class=\"attachment-post-thumbnail size-post-thumbnail wp-post-image\" alt=\"Scarab\u00e9e du sol (Geotrupes stercorarius)\" style=\"border-radius:40px;width:100%;height:100%;object-fit:cover;\" srcset=\"https:\/\/elysepichette.techniquesmedia.com\/laboratoire3\/wp-content\/uploads\/2025\/03\/scarabee-sol.jpg 1280w, https:\/\/elysepichette.techniquesmedia.com\/laboratoire3\/wp-content\/uploads\/2025\/03\/scarabee-sol-300x200.jpg 300w, https:\/\/elysepichette.techniquesmedia.com\/laboratoire3\/wp-content\/uploads\/2025\/03\/scarabee-sol-1024x682.jpg 1024w, https:\/\/elysepichette.techniquesmedia.com\/laboratoire3\/wp-content\/uploads\/2025\/03\/scarabee-sol-768x512.jpg 768w\" sizes=\"auto, (max-width: 1280px) 100vw, 1280px\" \/><\/a><\/figure>\n\n\n<div class=\"wp-block-group has-heading-6-font-size is-content-justification-space-between is-nowrap is-layout-flex wp-container-core-group-is-layout-1c41e99e wp-block-group-is-layout-flex\" style=\"padding-top:0;padding-right:var(--wp--preset--spacing--50);padding-bottom:var(--wp--preset--spacing--30);padding-left:var(--wp--preset--spacing--50)\"><h2 style=\"margin-bottom:0.25em;margin-top:0px;\" class=\"wp-block-post-title has-heading-6-font-size\"><a href=\"https:\/\/elysepichette.techniquesmedia.com\/laboratoire3\/index.php\/2025\/03\/25\/scarabee-du-sol\/\" target=\"_self\" >Scarab\u00e9e du sol (Geotrupes stercorarius)<\/a><\/h2>\n\n\n<p>\u2192<\/p>\n<\/div>\n\n<\/li><li class=\"wp-block-post post-39 post type-post status-publish format-standard has-post-thumbnail hentry category-uncategorized\">\n<figure style=\"aspect-ratio:16\/9; margin-top:0px;\" class=\"wp-block-post-featured-image\"><a href=\"https:\/\/elysepichette.techniquesmedia.com\/laboratoire3\/index.php\/2025\/03\/24\/scarabee-rhinoceros\/\" target=\"_self\"  ><img loading=\"lazy\" decoding=\"async\" width=\"1280\" height=\"960\" src=\"https:\/\/elysepichette.techniquesmedia.com\/laboratoire3\/wp-content\/uploads\/2025\/03\/rhinoceros.jpg\" class=\"attachment-post-thumbnail size-post-thumbnail wp-post-image\" alt=\"Scarab\u00e9e rhinoc\u00e9ros (Oryctes nasicornis)\" style=\"border-radius:40px;width:100%;height:100%;object-fit:cover;\" srcset=\"https:\/\/elysepichette.techniquesmedia.com\/laboratoire3\/wp-content\/uploads\/2025\/03\/rhinoceros.jpg 1280w, https:\/\/elysepichette.techniquesmedia.com\/laboratoire3\/wp-content\/uploads\/2025\/03\/rhinoceros-300x225.jpg 300w, https:\/\/elysepichette.techniquesmedia.com\/laboratoire3\/wp-content\/uploads\/2025\/03\/rhinoceros-1024x768.jpg 1024w, https:\/\/elysepichette.techniquesmedia.com\/laboratoire3\/wp-content\/uploads\/2025\/03\/rhinoceros-768x576.jpg 768w\" sizes=\"auto, (max-width: 1280px) 100vw, 1280px\" \/><\/a><\/figure>\n\n\n<div class=\"wp-block-group has-heading-6-font-size is-content-justification-space-between is-nowrap is-layout-flex wp-container-core-group-is-layout-1c41e99e wp-block-group-is-layout-flex\" style=\"padding-top:0;padding-right:var(--wp--preset--spacing--50);padding-bottom:var(--wp--preset--spacing--30);padding-left:var(--wp--preset--spacing--50)\"><h2 style=\"margin-bottom:0.25em;margin-top:0px;\" class=\"wp-block-post-title has-heading-6-font-size\"><a href=\"https:\/\/elysepichette.techniquesmedia.com\/laboratoire3\/index.php\/2025\/03\/24\/scarabee-rhinoceros\/\" target=\"_self\" >Scarab\u00e9e rhinoc\u00e9ros (Oryctes nasicornis)<\/a><\/h2>\n\n\n<p>\u2192<\/p>\n<\/div>\n\n<\/li><li class=\"wp-block-post post-41 post type-post status-publish format-standard has-post-thumbnail hentry category-uncategorized\">\n<figure style=\"aspect-ratio:16\/9; margin-top:0px;\" class=\"wp-block-post-featured-image\"><a href=\"https:\/\/elysepichette.techniquesmedia.com\/laboratoire3\/index.php\/2025\/03\/25\/scolyte-du-pin\/\" target=\"_self\"  ><img loading=\"lazy\" decoding=\"async\" width=\"1620\" height=\"1080\" src=\"https:\/\/elysepichette.techniquesmedia.com\/laboratoire3\/wp-content\/uploads\/2025\/03\/scolyte-pin.jpg\" class=\"attachment-post-thumbnail size-post-thumbnail wp-post-image\" alt=\"Scolyte du pin (Ips pini)\" style=\"border-radius:40px;width:100%;height:100%;object-fit:cover;\" srcset=\"https:\/\/elysepichette.techniquesmedia.com\/laboratoire3\/wp-content\/uploads\/2025\/03\/scolyte-pin.jpg 1620w, https:\/\/elysepichette.techniquesmedia.com\/laboratoire3\/wp-content\/uploads\/2025\/03\/scolyte-pin-300x200.jpg 300w, https:\/\/elysepichette.techniquesmedia.com\/laboratoire3\/wp-content\/uploads\/2025\/03\/scolyte-pin-1024x683.jpg 1024w, https:\/\/elysepichette.techniquesmedia.com\/laboratoire3\/wp-content\/uploads\/2025\/03\/scolyte-pin-768x512.jpg 768w, https:\/\/elysepichette.techniquesmedia.com\/laboratoire3\/wp-content\/uploads\/2025\/03\/scolyte-pin-1536x1024.jpg 1536w\" sizes=\"auto, (max-width: 1620px) 100vw, 1620px\" \/><\/a><\/figure>\n\n\n<div class=\"wp-block-group has-heading-6-font-size is-content-justification-space-between is-nowrap is-layout-flex wp-container-core-group-is-layout-1c41e99e wp-block-group-is-layout-flex\" style=\"padding-top:0;padding-right:var(--wp--preset--spacing--50);padding-bottom:var(--wp--preset--spacing--30);padding-left:var(--wp--preset--spacing--50)\"><h2 style=\"margin-bottom:0.25em;margin-top:0px;\" class=\"wp-block-post-title has-heading-6-font-size\"><a href=\"https:\/\/elysepichette.techniquesmedia.com\/laboratoire3\/index.php\/2025\/03\/25\/scolyte-du-pin\/\" target=\"_self\" >Scolyte du pin (Ips pini)<\/a><\/h2>\n\n\n<p>\u2192<\/p>\n<\/div>\n\n<\/li><\/ul><\/div>\n<\/div>\n","protected":false},"excerpt":{"rendered":"<p>Il existe une incroyable diversit\u00e9 d&rsquo;esp\u00e8ces de scarab\u00e9es, chacune ayant des caract\u00e9ristiques uniques et une fonction diff\u00e9rente dans l&rsquo;\u00e9cosyst\u00e8me.&nbsp;<\/p>\n","protected":false},"author":1,"featured_media":0,"parent":0,"menu_order":0,"comment_status":"closed","ping_status":"closed","template":"","meta":{"footnotes":""},"class_list":["post-30","page","type-page","status-publish","hentry"],"_links":{"self":[{"href":"https:\/\/elysepichette.techniquesmedia.com\/laboratoire3\/index.php\/wp-json\/wp\/v2\/pages\/30","targetHints":{"allow":["GET"]}}],"collection":[{"href":"https:\/\/elysepichette.techniquesmedia.com\/laboratoire3\/index.php\/wp-json\/wp\/v2\/pages"}],"about":[{"href":"https:\/\/elysepichette.techniquesmedia.com\/laboratoire3\/index.php\/wp-json\/wp\/v2\/types\/page"}],"author":[{"embeddable":true,"href":"https:\/\/elysepichette.techniquesmedia.com\/laboratoire3\/index.php\/wp-json\/wp\/v2\/users\/1"}],"replies":[{"embeddable":true,"href":"https:\/\/elysepichette.techniquesmedia.com\/laboratoire3\/index.php\/wp-json\/wp\/v2\/comments?post=30"}],"version-history":[{"count":5,"href":"https:\/\/elysepichette.techniquesmedia.com\/laboratoire3\/index.php\/wp-json\/wp\/v2\/pages\/30\/revisions"}],"predecessor-version":[{"id":51,"href":"https:\/\/elysepichette.techniquesmedia.com\/laboratoire3\/index.php\/wp-json\/wp\/v2\/pages\/30\/revisions\/51"}],"wp:attachment":[{"href":"https:\/\/elysepichette.techniquesmedia.com\/laboratoire3\/index.php\/wp-json\/wp\/v2\/media?parent=30"}],"curies":[{"name":"wp","href":"https:\/\/api.w.org\/{rel}","templated":true}]}}