{"id":28,"date":"2025-03-24T23:56:08","date_gmt":"2025-03-24T23:56:08","guid":{"rendered":"https:\/\/elysepichette.techniquesmedia.com\/laboratoire3\/?page_id=28"},"modified":"2025-03-25T01:14:25","modified_gmt":"2025-03-25T01:14:25","slug":"cycle-de-vie","status":"publish","type":"page","link":"https:\/\/elysepichette.techniquesmedia.com\/laboratoire3\/index.php\/cycle-de-vie\/","title":{"rendered":"Cycle de vie"},"content":{"rendered":"\n<div class=\"wp-block-group has-global-padding is-layout-constrained wp-block-group-is-layout-constrained\" style=\"border-bottom-width:1px;padding-bottom:var(--wp--preset--spacing--40)\">\n<div class=\"wp-block-group is-nowrap is-layout-flex wp-container-core-group-is-layout-cd9ab148 wp-block-group-is-layout-flex\">\n<p class=\"has-primary-color has-text-color has-link-color wp-elements-209a8d45fecaa56d6a20c4b044643964\">01<\/p>\n\n\n\n<h2 class=\"wp-block-heading\" style=\"padding-top:0;padding-right:0;padding-bottom:0;padding-left:0\">Oeuf<\/h2>\n<\/div>\n\n\n\n<p>La femelle d\u00e9pose ses \u0153ufs dans un endroit sp\u00e9cifique, souvent sous une couche de terre ou dans un tas de d\u00e9bris v\u00e9g\u00e9taux. L&rsquo;\u0153uf est l&rsquo;\u00e9tape initiale du cycle de vie. Selon l&rsquo;esp\u00e8ce, un \u0153uf peut \u00e9clore en quelques jours ou mois.\u00a0<\/p>\n<\/div>\n\n\n\n<div class=\"wp-block-group has-global-padding is-layout-constrained wp-block-group-is-layout-constrained\" style=\"border-bottom-width:1px;padding-bottom:var(--wp--preset--spacing--40)\">\n<div class=\"wp-block-group is-nowrap is-layout-flex wp-container-core-group-is-layout-cd9ab148 wp-block-group-is-layout-flex\">\n<p class=\"has-primary-color has-text-color has-link-color wp-elements-1e418c1f1cccafeb40639e0099dfdf6e\">02<\/p>\n\n\n\n<h2 class=\"wp-block-heading\" style=\"padding-top:0;padding-right:0;padding-bottom:0;padding-left:0\">Larve<\/h2>\n<\/div>\n\n\n\n<p>La larve est la phase de croissance active des scarab\u00e9es. Elle ressemble souvent \u00e0 un petit ver blanc et se nourrit de mati\u00e8res organiques pour accumuler de l&rsquo;\u00e9nergie. Ce stade peut durer de plusieurs semaines \u00e0 plusieurs ann\u00e9es, en fonction de l&rsquo;esp\u00e8ce. Par exemple, les larves de bousiers se nourrissent des boules de fumier qu&rsquo;elles ont enterr\u00e9es.\u00a0<\/p>\n<\/div>\n\n\n\n<div class=\"wp-block-group has-global-padding is-layout-constrained wp-block-group-is-layout-constrained\" style=\"border-bottom-width:1px;padding-bottom:var(--wp--preset--spacing--40)\">\n<div class=\"wp-block-group is-nowrap is-layout-flex wp-container-core-group-is-layout-cd9ab148 wp-block-group-is-layout-flex\">\n<p class=\"has-primary-color has-text-color has-link-color wp-elements-2e75f8d106916b35059deae850694e92\">03<\/p>\n\n\n\n<h2 class=\"wp-block-heading\" style=\"padding-top:0;padding-right:0;padding-bottom:0;padding-left:0\">Nymphe<\/h2>\n<\/div>\n\n\n\n<p>Une fois que la larve a accumul\u00e9 suffisamment de ressources, elle se transforme en nymphe. \u00c0 ce stade, elle est souvent en cocon et subit une m\u00e9tamorphose interne avant de se transformer en adulte. La nymphe est une phase de repos relative, o\u00f9 le scarab\u00e9e est en train de se transformer, et elle dure g\u00e9n\u00e9ralement plusieurs semaines.\u00a0<\/p>\n<\/div>\n\n\n\n<div class=\"wp-block-group has-global-padding is-layout-constrained wp-block-group-is-layout-constrained\" style=\"border-bottom-width:1px;padding-bottom:var(--wp--preset--spacing--40)\">\n<div class=\"wp-block-group is-nowrap is-layout-flex wp-container-core-group-is-layout-cd9ab148 wp-block-group-is-layout-flex\">\n<p class=\"has-primary-color has-text-color has-link-color wp-elements-89784bb91ecd513a3a3940829ccccc4a\">04<\/p>\n\n\n\n<h2 class=\"wp-block-heading\" style=\"padding-top:0;padding-right:0;padding-bottom:0;padding-left:0\">Adulte<\/h2>\n<\/div>\n\n\n\n<p>Une fois que la m\u00e9tamorphose est compl\u00e8te, l&rsquo;adulte \u00e9merge. Ce stade est souvent la phase la plus courte de la vie d&rsquo;un scarab\u00e9e. Il cherche \u00e0 se reproduire, et le cycle recommence. Les adultes peuvent vivre de quelques mois \u00e0 plusieurs ann\u00e9es selon les esp\u00e8ces. Les <strong><a href=\"https:\/\/elysepichette.techniquesmedia.com\/laboratoire3\/index.php\/2025\/03\/24\/scarabee-bousier\/\" data-type=\"post\" data-id=\"37\">scarab\u00e9es bousiers<\/a><\/strong>, par exemple, m\u00e8nent une vie adulte relativement courte, mais leur r\u00f4le dans l&rsquo;\u00e9cosyst\u00e8me est essentiel pour leur succ\u00e8s.\u00a0<\/p>\n<\/div>\n\n\n\n<p><\/p>\n","protected":false},"excerpt":{"rendered":"<p>01 Oeuf La femelle d\u00e9pose ses \u0153ufs dans un endroit sp\u00e9cifique, souvent sous une couche de terre ou dans un tas de d\u00e9bris v\u00e9g\u00e9taux. L&rsquo;\u0153uf est l&rsquo;\u00e9tape initiale du cycle de vie. Selon l&rsquo;esp\u00e8ce, un \u0153uf peut \u00e9clore en quelques jours ou mois.\u00a0 02 Larve La larve est la phase de croissance active des scarab\u00e9es. [&hellip;]<\/p>\n","protected":false},"author":1,"featured_media":0,"parent":0,"menu_order":0,"comment_status":"closed","ping_status":"closed","template":"","meta":{"footnotes":""},"class_list":["post-28","page","type-page","status-publish","hentry"],"_links":{"self":[{"href":"https:\/\/elysepichette.techniquesmedia.com\/laboratoire3\/index.php\/wp-json\/wp\/v2\/pages\/28","targetHints":{"allow":["GET"]}}],"collection":[{"href":"https:\/\/elysepichette.techniquesmedia.com\/laboratoire3\/index.php\/wp-json\/wp\/v2\/pages"}],"about":[{"href":"https:\/\/elysepichette.techniquesmedia.com\/laboratoire3\/index.php\/wp-json\/wp\/v2\/types\/page"}],"author":[{"embeddable":true,"href":"https:\/\/elysepichette.techniquesmedia.com\/laboratoire3\/index.php\/wp-json\/wp\/v2\/users\/1"}],"replies":[{"embeddable":true,"href":"https:\/\/elysepichette.techniquesmedia.com\/laboratoire3\/index.php\/wp-json\/wp\/v2\/comments?post=28"}],"version-history":[{"count":7,"href":"https:\/\/elysepichette.techniquesmedia.com\/laboratoire3\/index.php\/wp-json\/wp\/v2\/pages\/28\/revisions"}],"predecessor-version":[{"id":71,"href":"https:\/\/elysepichette.techniquesmedia.com\/laboratoire3\/index.php\/wp-json\/wp\/v2\/pages\/28\/revisions\/71"}],"wp:attachment":[{"href":"https:\/\/elysepichette.techniquesmedia.com\/laboratoire3\/index.php\/wp-json\/wp\/v2\/media?parent=28"}],"curies":[{"name":"wp","href":"https:\/\/api.w.org\/{rel}","templated":true}]}}