{"id":26,"date":"2025-03-24T23:55:56","date_gmt":"2025-03-24T23:55:56","guid":{"rendered":"https:\/\/elysepichette.techniquesmedia.com\/laboratoire3\/?page_id=26"},"modified":"2025-03-25T02:07:56","modified_gmt":"2025-03-25T02:07:56","slug":"alimentation-des-scarabees","status":"publish","type":"page","link":"https:\/\/elysepichette.techniquesmedia.com\/laboratoire3\/index.php\/alimentation-des-scarabees\/","title":{"rendered":"Alimentation des scarab\u00e9es"},"content":{"rendered":"\n<p>Les scarab\u00e9es ont des habitudes alimentaires vari\u00e9es et sont souvent class\u00e9s en fonction de leurs pr\u00e9f\u00e9rences alimentaires. Ils sont des d\u00e9composeurs essentiels, mais certains sont \u00e9galement herbivores, carnivores ou omnivores.&nbsp;<\/p>\n\n\n\n<div style=\"height:100px\" aria-hidden=\"true\" class=\"wp-block-spacer\"><\/div>\n\n\n\n<div class=\"wp-block-cover alignfull has-custom-content-position is-position-top-center\" style=\"padding-right:var(--wp--preset--spacing--80);padding-left:var(--wp--preset--spacing--80);min-height:1473px;aspect-ratio:unset;\"><span aria-hidden=\"true\" class=\"wp-block-cover__background has-background-dim\"><\/span><img loading=\"lazy\" decoding=\"async\" width=\"1920\" height=\"1280\" class=\"wp-block-cover__image-background wp-image-113\" alt=\"\" src=\"https:\/\/elysepichette.techniquesmedia.com\/laboratoire3\/wp-content\/uploads\/2025\/03\/alimentation2.jpg\" style=\"object-position:45% 53%\" data-object-fit=\"cover\" data-object-position=\"45% 53%\" srcset=\"https:\/\/elysepichette.techniquesmedia.com\/laboratoire3\/wp-content\/uploads\/2025\/03\/alimentation2.jpg 1920w, https:\/\/elysepichette.techniquesmedia.com\/laboratoire3\/wp-content\/uploads\/2025\/03\/alimentation2-300x200.jpg 300w, https:\/\/elysepichette.techniquesmedia.com\/laboratoire3\/wp-content\/uploads\/2025\/03\/alimentation2-1024x683.jpg 1024w, https:\/\/elysepichette.techniquesmedia.com\/laboratoire3\/wp-content\/uploads\/2025\/03\/alimentation2-768x512.jpg 768w, https:\/\/elysepichette.techniquesmedia.com\/laboratoire3\/wp-content\/uploads\/2025\/03\/alimentation2-1536x1024.jpg 1536w\" sizes=\"auto, (max-width: 1920px) 100vw, 1920px\" \/><div class=\"wp-block-cover__inner-container has-global-padding is-layout-constrained wp-container-core-cover-is-layout-caa2d89a wp-block-cover-is-layout-constrained\">\n<div class=\"wp-block-columns alignwide is-layout-flex wp-container-core-columns-is-layout-ceb339ea wp-block-columns-is-layout-flex\" style=\"padding-top:var(--wp--preset--spacing--60)\">\n<div class=\"wp-block-column is-layout-flow wp-block-column-is-layout-flow\">\n<div class=\"wp-block-group has-tertiary-background-color has-background is-layout-flow wp-block-group-is-layout-flow\" style=\"border-radius:40px;padding-top:var(--wp--preset--spacing--60);padding-right:var(--wp--preset--spacing--60);padding-bottom:var(--wp--preset--spacing--60);padding-left:var(--wp--preset--spacing--60)\">\n<h3 class=\"wp-block-heading has-extra-large-font-size\"><strong>N\u00e9crophages<\/strong><\/h3>\n\n\n\n<p>Une grande majorit\u00e9 des scarab\u00e9es sont des n\u00e9crophages, ce qui signifie qu&rsquo;ils se nourrissent de cadavres d&rsquo;animaux morts. Ces insectes jouent un r\u00f4le primordial dans la d\u00e9composition des carcasses. Les <strong><a href=\"https:\/\/elysepichette.techniquesmedia.com\/laboratoire3\/index.php\/2025\/03\/24\/scarabee-bousier\/\" data-type=\"post\" data-id=\"37\">bousiers<\/a><\/strong> (Scarabaeidae) sont un exemple classique, et ils aident \u00e0 recycler la mati\u00e8re organique, acc\u00e9l\u00e9rant ainsi la d\u00e9gradation des d\u00e9bris organiques dans les \u00e9cosyst\u00e8mes. En enterrant des boules de d\u00e9jections, ces scarab\u00e9es participent \u00e0 la fertilisation du sol.&nbsp;<\/p>\n<\/div>\n<\/div>\n\n\n\n<div class=\"wp-block-column is-layout-flow wp-block-column-is-layout-flow\" style=\"border-radius:40px\">\n<div style=\"height:193px\" aria-hidden=\"true\" class=\"wp-block-spacer\"><\/div>\n\n\n\n<div class=\"wp-block-group has-tertiary-background-color has-background is-layout-flow wp-block-group-is-layout-flow\" style=\"border-radius:40px;padding-top:var(--wp--preset--spacing--60);padding-right:var(--wp--preset--spacing--60);padding-bottom:var(--wp--preset--spacing--60);padding-left:var(--wp--preset--spacing--60)\">\n<h3 class=\"wp-block-heading has-extra-large-font-size\"><strong>Phytophages<\/strong><\/h3>\n\n\n\n<p>Certaines esp\u00e8ces de scarab\u00e9es se nourrissent exclusivement de v\u00e9g\u00e9tation. Par exemple, le <strong>scarab\u00e9e du ch\u00eane<\/strong> (Curculio nucum) se nourrit de feuilles de ch\u00eane, tandis que d\u2019autres s&rsquo;attaquent aux racines de certaines plantes. Bien que leur r\u00f4le soit souvent b\u00e9n\u00e9fique en contribuant au recyclage de la mati\u00e8re v\u00e9g\u00e9tale, certains peuvent devenir nuisibles lorsqu&rsquo;ils attaquent des cultures agricoles.&nbsp;<\/p>\n<\/div>\n<\/div>\n\n\n\n<div class=\"wp-block-column is-layout-flow wp-block-column-is-layout-flow\">\n<div class=\"wp-block-group has-tertiary-background-color has-background is-layout-flow wp-block-group-is-layout-flow\" style=\"border-radius:40px;padding-top:var(--wp--preset--spacing--60);padding-right:var(--wp--preset--spacing--60);padding-bottom:var(--wp--preset--spacing--60);padding-left:var(--wp--preset--spacing--60)\">\n<h3 class=\"wp-block-heading has-extra-large-font-size\"><strong>D\u00e9tritivores (D\u00e9composeurs)<\/strong><\/h3>\n\n\n\n<p>Une autre cat\u00e9gorie importante de scarab\u00e9es est celle des d\u00e9composeurs, qui se nourrissent de mati\u00e8re organique en d\u00e9composition, y compris des feuilles mortes, du bois pourrissant et du compost. Ces scarab\u00e9es sont des agents cl\u00e9s dans la <strong>recyclage des nutriments<\/strong> dans les sols. Le <strong>scarab\u00e9e de sol<\/strong> (Geotrupes stercorarius) en est un exemple : il se nourrit de mati\u00e8re organique d\u00e9compos\u00e9e et participe \u00e0 l&rsquo;a\u00e9ration du sol en creusant des galeries.&nbsp;<\/p>\n<\/div>\n<\/div>\n<\/div>\n<\/div><\/div>\n","protected":false},"excerpt":{"rendered":"<p>Les scarab\u00e9es ont des habitudes alimentaires vari\u00e9es et sont souvent class\u00e9s en fonction de leurs pr\u00e9f\u00e9rences alimentaires. Ils sont des d\u00e9composeurs essentiels, mais certains sont \u00e9galement herbivores, carnivores ou omnivores.&nbsp;<\/p>\n","protected":false},"author":1,"featured_media":0,"parent":0,"menu_order":0,"comment_status":"closed","ping_status":"closed","template":"","meta":{"footnotes":""},"class_list":["post-26","page","type-page","status-publish","hentry"],"_links":{"self":[{"href":"https:\/\/elysepichette.techniquesmedia.com\/laboratoire3\/index.php\/wp-json\/wp\/v2\/pages\/26","targetHints":{"allow":["GET"]}}],"collection":[{"href":"https:\/\/elysepichette.techniquesmedia.com\/laboratoire3\/index.php\/wp-json\/wp\/v2\/pages"}],"about":[{"href":"https:\/\/elysepichette.techniquesmedia.com\/laboratoire3\/index.php\/wp-json\/wp\/v2\/types\/page"}],"author":[{"embeddable":true,"href":"https:\/\/elysepichette.techniquesmedia.com\/laboratoire3\/index.php\/wp-json\/wp\/v2\/users\/1"}],"replies":[{"embeddable":true,"href":"https:\/\/elysepichette.techniquesmedia.com\/laboratoire3\/index.php\/wp-json\/wp\/v2\/comments?post=26"}],"version-history":[{"count":12,"href":"https:\/\/elysepichette.techniquesmedia.com\/laboratoire3\/index.php\/wp-json\/wp\/v2\/pages\/26\/revisions"}],"predecessor-version":[{"id":120,"href":"https:\/\/elysepichette.techniquesmedia.com\/laboratoire3\/index.php\/wp-json\/wp\/v2\/pages\/26\/revisions\/120"}],"wp:attachment":[{"href":"https:\/\/elysepichette.techniquesmedia.com\/laboratoire3\/index.php\/wp-json\/wp\/v2\/media?parent=26"}],"curies":[{"name":"wp","href":"https:\/\/api.w.org\/{rel}","templated":true}]}}